{"id":25,"date":"2022-05-11T13:47:05","date_gmt":"2022-05-11T11:47:05","guid":{"rendered":"https:\/\/dev.syctom-gien-chateauneuf.fr\/?page_id=25"},"modified":"2022-11-29T15:54:30","modified_gmt":"2022-11-29T14:54:30","slug":"les-elus","status":"publish","type":"page","link":"https:\/\/dev.syctom-gien-chateauneuf.fr\/?page_id=25","title":{"rendered":"Les Elus"},"content":{"rendered":"\n<h2 class=\"has-text-align-center wp-block-heading\">\u00abLes acteurs qui \u0153uvrent pour vous au quotidien\u00bb<\/h2>\n\n\n\n<h3 class=\"has-text-align-center wp-block-heading\">Les \u00e9lus du SYCTOM &#8211; Le bureau<\/h3>\n\n\n\n<div class=\"wp-block-columns is-layout-flex wp-container-core-columns-is-layout-9d6595d7 wp-block-columns-is-layout-flex\">\n<div class=\"wp-block-column is-layout-flow wp-block-column-is-layout-flow\">\n<h4 class=\"wp-block-heading\">Le Pr\u00e9sident et les Vice-pr\u00e9sidents<\/h4>\n\n\n\n<div class=\"wp-block-columns is-layout-flex wp-container-core-columns-is-layout-9d6595d7 wp-block-columns-is-layout-flex\">\n<div class=\"wp-block-column is-layout-flow wp-block-column-is-layout-flow\">\n<figure class=\"wp-block-image size-full\"><img loading=\"lazy\" decoding=\"async\" width=\"112\" height=\"138\" src=\"https:\/\/dev.syctom-gien-chateauneuf.fr\/wp-content\/uploads\/2022\/05\/Capture-decran-2022-05-18-094532.png\" alt=\"\" class=\"wp-image-266\"\/><figcaption class=\"wp-element-caption\"><strong>M. R\u00e9mi BICHON<\/strong><br>Pr\u00e9sident (Gien)<\/figcaption><\/figure>\n\n\n\n<figure class=\"wp-block-image size-full\"><img loading=\"lazy\" decoding=\"async\" width=\"112\" height=\"132\" src=\"https:\/\/dev.syctom-gien-chateauneuf.fr\/wp-content\/uploads\/2022\/05\/Capture-decran-2022-05-18-095038.png\" alt=\"\" class=\"wp-image-269\"\/><figcaption class=\"wp-element-caption\"><strong>M. Philippe KUTZNER<\/strong><br>1er Vice-pr\u00e9sident (Lorris)<\/figcaption><\/figure>\n\n\n\n<figure class=\"wp-block-image size-full\"><img loading=\"lazy\" decoding=\"async\" width=\"112\" height=\"132\" src=\"https:\/\/dev.syctom-gien-chateauneuf.fr\/wp-content\/uploads\/2022\/05\/Capture-decran-2022-05-18-095525.png\" alt=\"\" class=\"wp-image-270\"\/><figcaption class=\"wp-element-caption\"><strong>M. Michel CHAILLOU<\/strong><br>2\u00e8me Vice-pr\u00e9sident (Bonny sur Loire)<\/figcaption><\/figure>\n<\/div>\n\n\n\n<div class=\"wp-block-column is-layout-flow wp-block-column-is-layout-flow\">\n<figure class=\"wp-block-image size-full is-resized\"><img loading=\"lazy\" decoding=\"async\" src=\"https:\/\/dev.syctom-gien-chateauneuf.fr\/wp-content\/uploads\/2022\/05\/Capture-decran-2022-05-18-095958.png\" alt=\"\" class=\"wp-image-271\" width=\"112\" height=\"132\"\/><figcaption class=\"wp-element-caption\"><strong>M. Dominique DAIMAY<\/strong><br>3\u00e8me Vice-pr\u00e9sident (Sully sur Loire)<\/figcaption><\/figure>\n\n\n\n<figure class=\"wp-block-image size-full\"><img loading=\"lazy\" decoding=\"async\" width=\"112\" height=\"132\" src=\"https:\/\/dev.syctom-gien-chateauneuf.fr\/wp-content\/uploads\/2022\/05\/Capture-decran-2022-05-18-100233.png\" alt=\"\" class=\"wp-image-272\"\/><figcaption class=\"wp-element-caption\"><strong>M. Yves BOSCARDIN<\/strong><br>4\u00e8me Vice-pr\u00e9sident (Montbouy)<\/figcaption><\/figure>\n\n\n\n<figure class=\"wp-block-image size-full\"><img loading=\"lazy\" decoding=\"async\" width=\"112\" height=\"132\" src=\"https:\/\/dev.syctom-gien-chateauneuf.fr\/wp-content\/uploads\/2022\/05\/Capture-decran-2022-05-18-100737.png\" alt=\"\" class=\"wp-image-273\"\/><figcaption class=\"wp-element-caption\"><strong>Mme. Christiane FLORES<\/strong><br>5\u00e8me Vice-pr\u00e9sidente (Coudroy)<\/figcaption><\/figure>\n<\/div>\n<\/div>\n<\/div>\n\n\n\n<div class=\"wp-block-column is-layout-flow wp-block-column-is-layout-flow\">\n<h4 class=\"wp-block-heading\">Les autres membres du Bureau<\/h4>\n\n\n\n<div class=\"wp-block-columns is-layout-flex wp-container-core-columns-is-layout-9d6595d7 wp-block-columns-is-layout-flex\">\n<div class=\"wp-block-column is-layout-flow wp-block-column-is-layout-flow\">\n<figure class=\"wp-block-image size-full\"><img loading=\"lazy\" decoding=\"async\" width=\"112\" height=\"132\" src=\"https:\/\/dev.syctom-gien-chateauneuf.fr\/wp-content\/uploads\/2022\/11\/christian-rotarien.png\" alt=\"\" class=\"wp-image-1605\"\/><figcaption class=\"wp-element-caption\"><strong>M. Christian BEAUDIN<br><\/strong>(Vannes sur Cosson)<\/figcaption><\/figure>\n\n\n\n<figure class=\"wp-block-image size-full\"><img loading=\"lazy\" decoding=\"async\" width=\"112\" height=\"132\" src=\"https:\/\/dev.syctom-gien-chateauneuf.fr\/wp-content\/uploads\/2022\/05\/Capture-decran-2022-05-18-101022.png\" alt=\"\" class=\"wp-image-276\"\/><figcaption class=\"wp-element-caption\"><strong>M. Alain CHABOREL<\/strong><br>(Poilly lez Gien)<\/figcaption><\/figure>\n\n\n\n<figure class=\"wp-block-image size-full\"><img loading=\"lazy\" decoding=\"async\" width=\"112\" height=\"132\" src=\"https:\/\/dev.syctom-gien-chateauneuf.fr\/wp-content\/uploads\/2022\/05\/Capture-decran-2022-05-18-100842-1.png\" alt=\"\" class=\"wp-image-275\"\/><figcaption class=\"wp-element-caption\"><strong>M. C\u00e9dric CHAUVETTE<\/strong><br>(St Brisson sur Loire)<\/figcaption><\/figure>\n<\/div>\n\n\n\n<div class=\"wp-block-column is-layout-flow wp-block-column-is-layout-flow\">\n<figure class=\"wp-block-image size-full\"><img loading=\"lazy\" decoding=\"async\" width=\"112\" height=\"132\" src=\"https:\/\/dev.syctom-gien-chateauneuf.fr\/wp-content\/uploads\/2022\/05\/Capture-decran-2022-05-18-101137.png\" alt=\"\" class=\"wp-image-277\"\/><figcaption class=\"wp-element-caption\"><strong>M. Renaud COLIN<\/strong><br>(Ch\u00e2teauneuf sur Loire)<\/figcaption><\/figure>\n\n\n\n<figure class=\"wp-block-image size-full\"><img loading=\"lazy\" decoding=\"async\" width=\"112\" height=\"132\" src=\"https:\/\/dev.syctom-gien-chateauneuf.fr\/wp-content\/uploads\/2022\/05\/Capture-decran-2022-05-18-101154.png\" alt=\"\" class=\"wp-image-278\"\/><figcaption class=\"wp-element-caption\"><strong>M. Alain HECKLI<\/strong><br>(Montcresson)<\/figcaption><\/figure>\n\n\n\n<figure class=\"wp-block-image size-full\"><img loading=\"lazy\" decoding=\"async\" width=\"112\" height=\"132\" src=\"https:\/\/dev.syctom-gien-chateauneuf.fr\/wp-content\/uploads\/2022\/05\/Capture-decran-2022-05-18-101226.png\" alt=\"\" class=\"wp-image-279\"\/><figcaption class=\"wp-element-caption\"><strong>M. Pierre MARTINON<\/strong><br>(La Cour Marigny)<\/figcaption><\/figure>\n<\/div>\n<\/div>\n<\/div>\n<\/div>\n\n\n\n<h2 class=\"has-text-align-center wp-block-heading\">les autres membres du comit\u00e9 syndical<\/h2>\n\n\n\n<div class=\"wp-block-columns is-layout-flex wp-container-core-columns-is-layout-9d6595d7 wp-block-columns-is-layout-flex\">\n<div class=\"wp-block-column is-layout-flow wp-block-column-is-layout-flow\">\n<h3 class=\"wp-block-heading\">Les membres issus du SICTOM de Ch\u00e2teauneuf sur Loire :<\/h3>\n\n\n\n<p class=\"has-text-align-center\">\u2022 M. Denis BISSONNIER (Sandillon)<\/p>\n\n\n\n<p class=\"has-text-align-center\">\u2022 M. Robert BRAGUE (Vieilles Maisons)<\/p>\n\n\n\n<p class=\"has-text-align-center\">\u2022 M. Denis BRETON (St P\u00e8re sur Loire)<\/p>\n\n\n\n<p class=\"has-text-align-center\">\u2022 M. Gilles BURGEVIN (St Benoit sur Loire)<\/p>\n\n\n\n<p class=\"has-text-align-center\">\u2022 M. S\u00e9bastien CAFFARD (St Aignan le Jaillard)<\/p>\n\n\n\n<p class=\"has-text-align-center\">\u2022 M. Jacques CEVOST (Vitry aux Loges)<\/p>\n\n\n\n<p class=\"has-text-align-center\">\u2022 M. Charles DAMILAVILLE (St Martin d\u2019Abbat)<\/p>\n\n\n\n<p class=\"has-text-align-center\">\u2022 M. Lawrence JOURDAN (M\u00e9zi\u00e8res en G\u00e2tinais)<\/p>\n\n\n\n<p class=\"has-text-align-center\">\u2022 Mme Anne LEBEGUE (Nesploy)<\/p>\n\n\n\n<p class=\"has-text-align-center\">\u2022 M. Alain LETORT (Ladon)<\/p>\n\n\n\n<p class=\"has-text-align-center\">\u2022 M. Michel BOURGEOIS (Thimory)<\/p>\n\n\n\n<p class=\"has-text-align-center\">\u2022 M. Bernard MORIN (Ingrannes)<\/p>\n\n\n\n<p class=\"has-text-align-center\">\u2022 M. David PIANTONE (Jargeau)<\/p>\n\n\n\n<p class=\"has-text-align-center\">\u2022 M. Andr\u00e9 POISSON (Fr\u00e9ville du G\u00e2tinais)<\/p>\n\n\n\n<p class=\"has-text-align-center\">\u2022 Mme C\u00e9line SAILLEAU (Ouzouer sur Loire)<\/p>\n\n\n\n<p class=\"has-text-align-center\">\u2022 M. Ludovic SORBIER (Seichebrieres)<\/p>\n<\/div>\n\n\n\n<div class=\"wp-block-column is-layout-flow wp-block-column-is-layout-flow\">\n<h3 class=\"wp-block-heading\">Les membres issus du SMICTOM du Giennois :<\/h3>\n\n\n\n<p class=\"has-text-align-center\">\u2022 M. Michel BONGIBAULT (Autry le Chatel)<\/p>\n\n\n\n<p class=\"has-text-align-center\">\u2022 M. Pierre Fran\u00e7ois BOUGUET (Briare)<\/p>\n\n\n\n<p class=\"has-text-align-center\">\u2022 M. Jean-Paul CHAUVET (Boismorand)<\/p>\n\n\n\n<p class=\"has-text-align-center\">\u2022 M. Patrick CHENUET (St Martin sur Ocre)<\/p>\n\n\n\n<p class=\"has-text-align-center\">\u2022 M. Jean-Michel DELAGE (Nevoy)<\/p>\n\n\n\n<p class=\"has-text-align-center\">\u2022 M. Dominique GEOFFRENET (La Bussi\u00e8re)<\/p>\n\n\n\n<p class=\"has-text-align-center\">\u2022 M. Denis GERVAIS (Ouzouer sur Tr\u00e9z\u00e9e)<\/p>\n\n\n\n<p class=\"has-text-align-center\">\u2022 M. St\u00e9phane GRAZIA (Ch\u00e2tillon Coligny)<\/p>\n\n\n\n<p class=\"has-text-align-center\">\u2022 M. Herv\u00e9 JACQUIER (Beaulieu sur Loire)<\/p>\n\n\n\n<p class=\"has-text-align-center\">\u2022 M. Andr\u00e9 Jean (Ste Genevi\u00e8ve des Bois)<\/p>\n\n\n\n<p class=\"has-text-align-center\">\u2022 Mme Christiane LAFAYE (Le Moulinet sur Solin)<\/p>\n\n\n\n<p class=\"has-text-align-center\">\u2022 M. Philippe MEYER (St Gondon)<\/p>\n\n\n\n<p class=\"has-text-align-center\">\u2022 M. Olivier MOREL (Les Choux)<\/p>\n\n\n\n<p class=\"has-text-align-center\">\u2022 Mme Kin\u00e9 NIANG (Briare)<\/p>\n\n\n\n<p class=\"has-text-align-center\">\u2022 M. Philippe NICOLAS (Coullons)<\/p>\n\n\n\n<p class=\"has-text-align-center\">\u2022 M. Denis SALIN (Dammarie sur Loing)<\/p>\n<\/div>\n<\/div>\n","protected":false},"excerpt":{"rendered":"<p>\u00abLes acteurs qui \u0153uvrent pour vous au quotidien\u00bb Les \u00e9lus du SYCTOM &#8211; Le bureau Le Pr\u00e9sident et les Vice-pr\u00e9sidents Les autres membres du Bureau les autres membres du comit\u00e9 syndical Les membres issus du SICTOM de Ch\u00e2teauneuf sur Loire : \u2022 M. Denis BISSONNIER (Sandillon) \u2022 M. Robert BRAGUE&#8230;<\/p>\n","protected":false},"author":2,"featured_media":1201,"parent":0,"menu_order":0,"comment_status":"closed","ping_status":"closed","template":"","meta":{"footnotes":""},"class_list":["post-25","page","type-page","status-publish","has-post-thumbnail","hentry"],"_links":{"self":[{"href":"https:\/\/dev.syctom-gien-chateauneuf.fr\/index.php?rest_route=\/wp\/v2\/pages\/25","targetHints":{"allow":["GET"]}}],"collection":[{"href":"https:\/\/dev.syctom-gien-chateauneuf.fr\/index.php?rest_route=\/wp\/v2\/pages"}],"about":[{"href":"https:\/\/dev.syctom-gien-chateauneuf.fr\/index.php?rest_route=\/wp\/v2\/types\/page"}],"author":[{"embeddable":true,"href":"https:\/\/dev.syctom-gien-chateauneuf.fr\/index.php?rest_route=\/wp\/v2\/users\/2"}],"replies":[{"embeddable":true,"href":"https:\/\/dev.syctom-gien-chateauneuf.fr\/index.php?rest_route=%2Fwp%2Fv2%2Fcomments&post=25"}],"version-history":[{"count":56,"href":"https:\/\/dev.syctom-gien-chateauneuf.fr\/index.php?rest_route=\/wp\/v2\/pages\/25\/revisions"}],"predecessor-version":[{"id":1607,"href":"https:\/\/dev.syctom-gien-chateauneuf.fr\/index.php?rest_route=\/wp\/v2\/pages\/25\/revisions\/1607"}],"wp:featuredmedia":[{"embeddable":true,"href":"https:\/\/dev.syctom-gien-chateauneuf.fr\/index.php?rest_route=\/wp\/v2\/media\/1201"}],"wp:attachment":[{"href":"https:\/\/dev.syctom-gien-chateauneuf.fr\/index.php?rest_route=%2Fwp%2Fv2%2Fmedia&parent=25"}],"curies":[{"name":"wp","href":"https:\/\/api.w.org\/{rel}","templated":true}]}}