{"id":41,"date":"2022-05-11T14:19:03","date_gmt":"2022-05-11T12:19:03","guid":{"rendered":"https:\/\/dev.syctom-gien-chateauneuf.fr\/?page_id=41"},"modified":"2022-10-21T15:16:27","modified_gmt":"2022-10-21T13:16:27","slug":"travaux","status":"publish","type":"page","link":"https:\/\/dev.syctom-gien-chateauneuf.fr\/?page_id=41","title":{"rendered":"Les Travaux"},"content":{"rendered":"\n<h2 class=\"has-text-align-center has-vivid-cyan-blue-color has-text-color wp-block-heading\" id=\"Centre_de_valorisation_\u00e9nerg\u00e9tique_d\u2019Arrabloynbsp;:_un_pas_de_plus_vers_l\u2019\u00e9conomie_circulaire\">Centre de valorisation \u00e9nerg\u00e9tique d\u2019Arrabloy&nbsp;: un pas de plus vers l\u2019\u00e9conomie circulaire<\/h2>\n\n\n\n<div style=\"height:40px\" aria-hidden=\"true\" class=\"wp-block-spacer\"><\/div>\n\n\n\n<div class=\"wp-block-columns is-layout-flex wp-container-core-columns-is-layout-9d6595d7 wp-block-columns-is-layout-flex\">\n<div class=\"wp-block-column is-layout-flow wp-block-column-is-layout-flow\">\n<h3 class=\"wp-block-heading\" id=\"Trois_axes_de_modernisation\">Trois axes de modernisation<\/h3>\n\n\n\n<ul class=\"wp-block-list\"><li>R\u00e9novation des \u00e9quipements et du b\u00e2timent existant<\/li><li>Installation d\u2019un nouveau four, en remplacement des fours actuels<\/li><li>Cr\u00e9ation d\u2019un r\u00e9seau de chaleur dans une logique d\u2019\u00e9conomie circulaire<\/li><\/ul>\n\n\n\n<div style=\"height:40px\" aria-hidden=\"true\" class=\"wp-block-spacer\"><\/div>\n\n\n\n<h3 class=\"wp-block-heading\" id=\"Atteindre_une_meilleure_performance_\u00e9nerg\u00e9tique_:Installation_d\u2019un_four_oscillant\">Atteindre une meilleure performance \u00e9nerg\u00e9tique :Installation d\u2019un four oscillant<\/h3>\n\n\n\n<ul class=\"wp-block-list\"><li>Rendement \u00e9nerg\u00e9tique atteignant les 80 %<\/li><li>Am\u00e9lioration de la qualit\u00e9 des rejets dans l\u2019air<\/li><li>\u00c9conomie d\u2019\u00e9nergie<\/li><li>Technologie d\u00e9velopp\u00e9e par TIRU, brevet\u00e9e et \u00e9prouv\u00e9e<\/li><\/ul>\n\n\n\n<div style=\"height:40px\" aria-hidden=\"true\" class=\"wp-block-spacer\"><\/div>\n\n\n\n<h3 class=\"wp-block-heading\" id=\"En_assurant_la_continuit\u00e9_du_service\">En assurant la continuit\u00e9 du service<\/h3>\n\n\n\n<p>L\u2019un des deux fours actuel reste en service durant la dur\u00e9e des travaux<\/p>\n<\/div>\n\n\n\n<div class=\"wp-block-column is-layout-flow wp-block-column-is-layout-flow\">\n<h3 class=\"has-text-align-center wp-block-heading\" id=\"AVRIL_D\u00e9marrage_du_chantier_de_modernisation\">AVRIL 2021 D\u00e9marrage du chantier de modernisation<\/h3>\n\n\n<div class=\"wp-block-image\">\n<figure class=\"aligncenter size-full\"><img loading=\"lazy\" decoding=\"async\" width=\"244\" height=\"169\" src=\"https:\/\/dev.syctom-gien-chateauneuf.fr\/wp-content\/uploads\/2022\/06\/Image2.png\" alt=\"\" class=\"wp-image-518\"\/><\/figure>\n<\/div>\n\n\n<div style=\"height:40px\" aria-hidden=\"true\" class=\"wp-block-spacer\"><\/div>\n\n\n<div class=\"wp-block-image\">\n<figure class=\"aligncenter size-full\"><img loading=\"lazy\" decoding=\"async\" width=\"270\" height=\"215\" src=\"https:\/\/dev.syctom-gien-chateauneuf.fr\/wp-content\/uploads\/2022\/06\/Image3.png\" alt=\"\" class=\"wp-image-519\"\/><\/figure>\n<\/div>\n\n\n<h3 class=\"has-text-align-center wp-block-heading\" id=\"D\u00e9but_Fin_des_travaux\">FIN 2022 Fin des travaux<\/h3>\n<\/div>\n<\/div>\n\n\n\n<div style=\"height:100px\" aria-hidden=\"true\" class=\"wp-block-spacer\"><\/div>\n\n\n\n<h2 class=\"has-text-align-center has-vivid-cyan-blue-color has-text-color wp-block-heading\">Centre de valorisation \u00e9nerg\u00e9tique d\u2019Arrabloy&nbsp;: un pas de plus vers l\u2019\u00e9conomie circulaire<\/h2>\n\n\n\n<h3 class=\"has-text-align-center wp-block-heading\">Terrassement int\u00e9rieur usine et RD 122<\/h3>\n\n\n\n<div class=\"wp-block-columns is-layout-flex wp-container-core-columns-is-layout-9d6595d7 wp-block-columns-is-layout-flex\">\n<div class=\"wp-block-column is-vertically-aligned-center is-layout-flow wp-block-column-is-layout-flow\" style=\"flex-basis:100%\">\n<div class=\"wp-block-columns is-layout-flex wp-container-core-columns-is-layout-9d6595d7 wp-block-columns-is-layout-flex\">\n<div class=\"wp-block-column is-layout-flow wp-block-column-is-layout-flow\"><div class=\"wp-block-image\">\n<figure class=\"aligncenter size-full\"><img loading=\"lazy\" decoding=\"async\" width=\"134\" height=\"289\" src=\"https:\/\/dev.syctom-gien-chateauneuf.fr\/wp-content\/uploads\/2022\/06\/Image1-1.png\" alt=\"\" class=\"wp-image-550\"\/><\/figure>\n<\/div><\/div>\n\n\n\n<div class=\"wp-block-column is-layout-flow wp-block-column-is-layout-flow\"><div class=\"wp-block-image\">\n<figure class=\"aligncenter size-full\"><img loading=\"lazy\" decoding=\"async\" width=\"126\" height=\"289\" src=\"https:\/\/dev.syctom-gien-chateauneuf.fr\/wp-content\/uploads\/2022\/06\/Image2-1.png\" alt=\"\" class=\"wp-image-551\"\/><\/figure>\n<\/div><\/div>\n\n\n\n<div class=\"wp-block-column is-layout-flow wp-block-column-is-layout-flow\"><div class=\"wp-block-image\">\n<figure class=\"aligncenter size-full is-resized\"><img loading=\"lazy\" decoding=\"async\" src=\"https:\/\/dev.syctom-gien-chateauneuf.fr\/wp-content\/uploads\/2022\/06\/Image3-1.png\" alt=\"\" class=\"wp-image-552\" width=\"108\" height=\"289\"\/><\/figure>\n<\/div><\/div>\n<\/div>\n<\/div>\n<\/div>\n\n\n\n<div style=\"height:100px\" aria-hidden=\"true\" class=\"wp-block-spacer\"><\/div>\n\n\n\n<h3 class=\"has-text-align-center wp-block-heading\">Mise en place de la tuyauterie double enveloppe vapeur<\/h3>\n\n\n\n<div class=\"wp-block-columns is-layout-flex wp-container-core-columns-is-layout-9d6595d7 wp-block-columns-is-layout-flex\">\n<div class=\"wp-block-column is-layout-flow wp-block-column-is-layout-flow\"><div class=\"wp-block-image\">\n<figure class=\"aligncenter size-full\"><img loading=\"lazy\" decoding=\"async\" width=\"142\" height=\"315\" src=\"https:\/\/dev.syctom-gien-chateauneuf.fr\/wp-content\/uploads\/2022\/06\/Image4-1.png\" alt=\"\" class=\"wp-image-555\" srcset=\"https:\/\/dev.syctom-gien-chateauneuf.fr\/wp-content\/uploads\/2022\/06\/Image4-1.png 142w, https:\/\/dev.syctom-gien-chateauneuf.fr\/wp-content\/uploads\/2022\/06\/Image4-1-135x300.png 135w\" sizes=\"auto, (max-width: 142px) 100vw, 142px\" \/><\/figure>\n<\/div><\/div>\n\n\n\n<div class=\"wp-block-column is-layout-flow wp-block-column-is-layout-flow\"><div class=\"wp-block-image\">\n<figure class=\"aligncenter size-full\"><img loading=\"lazy\" decoding=\"async\" width=\"142\" height=\"315\" src=\"https:\/\/dev.syctom-gien-chateauneuf.fr\/wp-content\/uploads\/2022\/06\/Image5.png\" alt=\"\" class=\"wp-image-556\" srcset=\"https:\/\/dev.syctom-gien-chateauneuf.fr\/wp-content\/uploads\/2022\/06\/Image5.png 142w, https:\/\/dev.syctom-gien-chateauneuf.fr\/wp-content\/uploads\/2022\/06\/Image5-135x300.png 135w\" sizes=\"auto, (max-width: 142px) 100vw, 142px\" \/><\/figure>\n<\/div><\/div>\n\n\n\n<div class=\"wp-block-column is-layout-flow wp-block-column-is-layout-flow\"><div class=\"wp-block-image\">\n<figure class=\"aligncenter size-full is-resized\"><img decoding=\"async\" src=\"https:\/\/dev.syctom-gien-chateauneuf.fr\/wp-content\/uploads\/2022\/06\/Image6.png\" alt=\"\" class=\"wp-image-557\" height=\"315\" srcset=\"https:\/\/dev.syctom-gien-chateauneuf.fr\/wp-content\/uploads\/2022\/06\/Image6.png 138w, https:\/\/dev.syctom-gien-chateauneuf.fr\/wp-content\/uploads\/2022\/06\/Image6-130x300.png 130w\" sizes=\"(max-width: 138px) 100vw, 138px\" \/><\/figure>\n<\/div><\/div>\n\n\n\n<div class=\"wp-block-column is-layout-flow wp-block-column-is-layout-flow\"><div class=\"wp-block-image\">\n<figure class=\"aligncenter size-full is-resized\"><img decoding=\"async\" src=\"https:\/\/dev.syctom-gien-chateauneuf.fr\/wp-content\/uploads\/2022\/06\/Image7.png\" alt=\"\" class=\"wp-image-558\" height=\"315\" srcset=\"https:\/\/dev.syctom-gien-chateauneuf.fr\/wp-content\/uploads\/2022\/06\/Image7.png 142w, https:\/\/dev.syctom-gien-chateauneuf.fr\/wp-content\/uploads\/2022\/06\/Image7-134x300.png 134w\" sizes=\"(max-width: 142px) 100vw, 142px\" \/><\/figure>\n<\/div><\/div>\n<\/div>\n\n\n\n<div style=\"height:100px\" aria-hidden=\"true\" class=\"wp-block-spacer\"><\/div>\n\n\n\n<h3 class=\"has-text-align-center wp-block-heading\">Pr\u00e9paration pour la soudure des tubes de 16 m\u00e8tres de longueur<\/h3>\n\n\n\n<div class=\"wp-block-columns are-vertically-aligned-center is-layout-flex wp-container-core-columns-is-layout-9d6595d7 wp-block-columns-is-layout-flex\">\n<div class=\"wp-block-column is-vertically-aligned-center is-layout-flow wp-block-column-is-layout-flow\">\n<figure class=\"wp-block-image size-full is-resized\"><img decoding=\"async\" src=\"https:\/\/dev.syctom-gien-chateauneuf.fr\/wp-content\/uploads\/2022\/06\/Image9.png\" alt=\"\" class=\"wp-image-560\" height=\"181\" srcset=\"https:\/\/dev.syctom-gien-chateauneuf.fr\/wp-content\/uploads\/2022\/06\/Image9.png 314w, https:\/\/dev.syctom-gien-chateauneuf.fr\/wp-content\/uploads\/2022\/06\/Image9-300x209.png 300w\" sizes=\"(max-width: 314px) 100vw, 314px\" \/><\/figure>\n<\/div>\n\n\n\n<div class=\"wp-block-column is-vertically-aligned-center is-layout-flow wp-block-column-is-layout-flow\"><div class=\"wp-block-image\">\n<figure class=\"aligncenter size-full is-resized\"><img loading=\"lazy\" decoding=\"async\" src=\"https:\/\/dev.syctom-gien-chateauneuf.fr\/wp-content\/uploads\/2022\/06\/Image8.png\" alt=\"\" class=\"wp-image-559\" width=\"235\" height=\"181\"\/><\/figure>\n<\/div><\/div>\n\n\n\n<div class=\"wp-block-column is-vertically-aligned-center is-layout-flow wp-block-column-is-layout-flow\">\n<figure class=\"wp-block-image size-full is-resized\"><img loading=\"lazy\" decoding=\"async\" src=\"https:\/\/dev.syctom-gien-chateauneuf.fr\/wp-content\/uploads\/2022\/06\/Image10.png\" alt=\"\" class=\"wp-image-561\" width=\"269\" height=\"181\" srcset=\"https:\/\/dev.syctom-gien-chateauneuf.fr\/wp-content\/uploads\/2022\/06\/Image10.png 605w, https:\/\/dev.syctom-gien-chateauneuf.fr\/wp-content\/uploads\/2022\/06\/Image10-300x202.png 300w\" sizes=\"auto, (max-width: 269px) 100vw, 269px\" \/><\/figure>\n<\/div>\n<\/div>\n\n\n\n<div style=\"height:100px\" aria-hidden=\"true\" class=\"wp-block-spacer\"><\/div>\n\n\n\n<h3 class=\"has-text-align-center wp-block-heading\">Travaux de modernisation de l\u2019usine<\/h3>\n\n\n\n<h4 class=\"has-text-align-center wp-block-heading\"><em>Travaux de g\u00e9nie civil pour enlever les \u00e9quipements obsol\u00e8tes et pr\u00e9paration des structures devant supporter le nouveau four et les nouveaux \u00e9quipements de traitement<\/em><\/h4>\n\n\n\n<div class=\"wp-block-columns is-layout-flex wp-container-core-columns-is-layout-9d6595d7 wp-block-columns-is-layout-flex\">\n<div class=\"wp-block-column is-layout-flow wp-block-column-is-layout-flow\"><div class=\"wp-block-image\">\n<figure class=\"aligncenter size-full\"><img loading=\"lazy\" decoding=\"async\" width=\"206\" height=\"263\" src=\"https:\/\/dev.syctom-gien-chateauneuf.fr\/wp-content\/uploads\/2022\/06\/Image11.png\" alt=\"\" class=\"wp-image-562\"\/><\/figure>\n<\/div><\/div>\n\n\n\n<div class=\"wp-block-column is-layout-flow wp-block-column-is-layout-flow\"><div class=\"wp-block-image\">\n<figure class=\"aligncenter size-full is-resized\"><img loading=\"lazy\" decoding=\"async\" src=\"https:\/\/dev.syctom-gien-chateauneuf.fr\/wp-content\/uploads\/2022\/06\/Image12.png\" alt=\"\" class=\"wp-image-563\" width=\"123\" height=\"263\" srcset=\"https:\/\/dev.syctom-gien-chateauneuf.fr\/wp-content\/uploads\/2022\/06\/Image12.png 162w, https:\/\/dev.syctom-gien-chateauneuf.fr\/wp-content\/uploads\/2022\/06\/Image12-140x300.png 140w\" sizes=\"auto, (max-width: 123px) 100vw, 123px\" \/><\/figure>\n<\/div><\/div>\n\n\n\n<div class=\"wp-block-column is-layout-flow wp-block-column-is-layout-flow\"><div class=\"wp-block-image\">\n<figure class=\"aligncenter size-full is-resized\"><img loading=\"lazy\" decoding=\"async\" src=\"https:\/\/dev.syctom-gien-chateauneuf.fr\/wp-content\/uploads\/2022\/06\/Image13.png\" alt=\"\" class=\"wp-image-564\" width=\"396\" height=\"263\"\/><\/figure>\n<\/div><\/div>\n<\/div>\n\n\n\n<div style=\"height:100px\" aria-hidden=\"true\" class=\"wp-block-spacer\"><\/div>\n\n\n\n<h3 class=\"has-text-align-center wp-block-heading\">D\u00e9pose et levage de l\u2019ancien four<\/h3>\n\n\n\n<div class=\"wp-block-columns is-layout-flex wp-container-core-columns-is-layout-9d6595d7 wp-block-columns-is-layout-flex\">\n<div class=\"wp-block-column is-layout-flow wp-block-column-is-layout-flow\"><div class=\"wp-block-image\">\n<figure class=\"aligncenter size-full is-resized\"><img decoding=\"async\" src=\"https:\/\/dev.syctom-gien-chateauneuf.fr\/wp-content\/uploads\/2022\/06\/Image14.png\" alt=\"\" class=\"wp-image-565\" height=\"360\" srcset=\"https:\/\/dev.syctom-gien-chateauneuf.fr\/wp-content\/uploads\/2022\/06\/Image14.png 202w, https:\/\/dev.syctom-gien-chateauneuf.fr\/wp-content\/uploads\/2022\/06\/Image14-168x300.png 168w\" sizes=\"(max-width: 202px) 100vw, 202px\" \/><\/figure>\n<\/div><\/div>\n\n\n\n<div class=\"wp-block-column is-layout-flow wp-block-column-is-layout-flow\"><div class=\"wp-block-image\">\n<figure class=\"aligncenter size-full is-resized\"><img loading=\"lazy\" decoding=\"async\" src=\"https:\/\/dev.syctom-gien-chateauneuf.fr\/wp-content\/uploads\/2022\/06\/Image15.png\" alt=\"\" class=\"wp-image-566\" width=\"207\" height=\"360\"\/><\/figure>\n<\/div><\/div>\n<\/div>\n\n\n\n<div style=\"height:100px\" aria-hidden=\"true\" class=\"wp-block-spacer\"><\/div>\n\n\n\n<h3 class=\"has-text-align-center wp-block-heading\">Arriv\u00e9e et mise en place du nouveau four les 10 et 11 novembre 2021<\/h3>\n\n\n\n<div class=\"wp-block-columns is-layout-flex wp-container-core-columns-is-layout-9d6595d7 wp-block-columns-is-layout-flex\">\n<div class=\"wp-block-column is-layout-flow wp-block-column-is-layout-flow\"><div class=\"wp-block-image\">\n<figure class=\"aligncenter size-full is-resized\"><img loading=\"lazy\" decoding=\"async\" src=\"https:\/\/dev.syctom-gien-chateauneuf.fr\/wp-content\/uploads\/2022\/06\/Image16.png\" alt=\"\" class=\"wp-image-567\" width=\"260\" height=\"200\"\/><\/figure>\n<\/div><\/div>\n\n\n\n<div class=\"wp-block-column is-layout-flow wp-block-column-is-layout-flow\"><div class=\"wp-block-image\">\n<figure class=\"aligncenter size-full is-resized\"><img loading=\"lazy\" decoding=\"async\" src=\"https:\/\/dev.syctom-gien-chateauneuf.fr\/wp-content\/uploads\/2022\/06\/Image17.png\" alt=\"\" class=\"wp-image-568\" width=\"260\" height=\"200\"\/><\/figure>\n<\/div><\/div>\n\n\n\n<div class=\"wp-block-column is-layout-flow wp-block-column-is-layout-flow\"><div class=\"wp-block-image\">\n<figure class=\"aligncenter size-full is-resized\"><img loading=\"lazy\" decoding=\"async\" src=\"https:\/\/dev.syctom-gien-chateauneuf.fr\/wp-content\/uploads\/2022\/06\/Image18.png\" alt=\"\" class=\"wp-image-569\" width=\"260\" height=\"200\"\/><\/figure>\n<\/div><\/div>\n<\/div>\n\n\n\n<div class=\"wp-block-columns is-layout-flex wp-container-core-columns-is-layout-9d6595d7 wp-block-columns-is-layout-flex\">\n<div class=\"wp-block-column is-layout-flow wp-block-column-is-layout-flow\"><div class=\"wp-block-image\">\n<figure class=\"aligncenter size-full is-resized\"><img loading=\"lazy\" decoding=\"async\" src=\"https:\/\/dev.syctom-gien-chateauneuf.fr\/wp-content\/uploads\/2022\/06\/Image19.png\" alt=\"\" class=\"wp-image-570\" width=\"260\" height=\"200\"\/><\/figure>\n<\/div><\/div>\n\n\n\n<div class=\"wp-block-column is-layout-flow wp-block-column-is-layout-flow\"><div class=\"wp-block-image\">\n<figure class=\"aligncenter size-full is-resized\"><img loading=\"lazy\" decoding=\"async\" src=\"https:\/\/dev.syctom-gien-chateauneuf.fr\/wp-content\/uploads\/2022\/06\/Image20.png\" alt=\"\" class=\"wp-image-571\" width=\"260\" height=\"200\"\/><\/figure>\n<\/div><\/div>\n\n\n\n<div class=\"wp-block-column is-layout-flow wp-block-column-is-layout-flow\"><div class=\"wp-block-image\">\n<figure class=\"aligncenter size-full is-resized\"><img loading=\"lazy\" decoding=\"async\" src=\"https:\/\/dev.syctom-gien-chateauneuf.fr\/wp-content\/uploads\/2022\/06\/Image21.png\" alt=\"\" class=\"wp-image-572\" width=\"260\" height=\"200\"\/><\/figure>\n<\/div><\/div>\n<\/div>\n","protected":false},"excerpt":{"rendered":"<p>Centre de valorisation \u00e9nerg\u00e9tique d\u2019Arrabloy&nbsp;: un pas de plus vers l\u2019\u00e9conomie circulaire Trois axes de modernisation R\u00e9novation des \u00e9quipements et du b\u00e2timent existant Installation d\u2019un nouveau four, en remplacement des fours actuels Cr\u00e9ation d\u2019un r\u00e9seau de chaleur dans une logique d\u2019\u00e9conomie circulaire Atteindre une meilleure performance \u00e9nerg\u00e9tique :Installation d\u2019un four&#8230;<\/p>\n","protected":false},"author":2,"featured_media":0,"parent":0,"menu_order":0,"comment_status":"closed","ping_status":"closed","template":"","meta":{"footnotes":""},"class_list":["post-41","page","type-page","status-publish","hentry"],"_links":{"self":[{"href":"https:\/\/dev.syctom-gien-chateauneuf.fr\/index.php?rest_route=\/wp\/v2\/pages\/41","targetHints":{"allow":["GET"]}}],"collection":[{"href":"https:\/\/dev.syctom-gien-chateauneuf.fr\/index.php?rest_route=\/wp\/v2\/pages"}],"about":[{"href":"https:\/\/dev.syctom-gien-chateauneuf.fr\/index.php?rest_route=\/wp\/v2\/types\/page"}],"author":[{"embeddable":true,"href":"https:\/\/dev.syctom-gien-chateauneuf.fr\/index.php?rest_route=\/wp\/v2\/users\/2"}],"replies":[{"embeddable":true,"href":"https:\/\/dev.syctom-gien-chateauneuf.fr\/index.php?rest_route=%2Fwp%2Fv2%2Fcomments&post=41"}],"version-history":[{"count":57,"href":"https:\/\/dev.syctom-gien-chateauneuf.fr\/index.php?rest_route=\/wp\/v2\/pages\/41\/revisions"}],"predecessor-version":[{"id":1601,"href":"https:\/\/dev.syctom-gien-chateauneuf.fr\/index.php?rest_route=\/wp\/v2\/pages\/41\/revisions\/1601"}],"wp:attachment":[{"href":"https:\/\/dev.syctom-gien-chateauneuf.fr\/index.php?rest_route=%2Fwp%2Fv2%2Fmedia&parent=41"}],"curies":[{"name":"wp","href":"https:\/\/api.w.org\/{rel}","templated":true}]}}